{"id":45,"date":"2015-04-16T06:58:52","date_gmt":"2015-04-16T06:58:52","guid":{"rendered":"http:\/\/lahuertadelaabuelapilar.com\/?page_id=45"},"modified":"2016-05-09T17:44:23","modified_gmt":"2016-05-09T17:44:23","slug":"tarifas","status":"publish","type":"page","link":"http:\/\/lahuertadelaabuelapilar.com\/?page_id=45","title":{"rendered":"TARIFAS"},"content":{"rendered":"<p style=\"text-align: center;\">Casa Rural <strong>LA HUERTA DE LA ABUELA PILAR<\/strong> le ofrece tarifas econ\u00f3micas durante todo el a\u00f1o.<\/p>\n<p style=\"text-align: left;\"><strong><span style=\"text-decoration: underline;\">TARIFAS<\/span><\/strong><\/p>\n<p>Alquiler de casa completa (14 plazas) con un m\u00ednimo de 2 noches.<\/p>\n<table width=\"347\">\n<tbody>\n<tr>\n<td style=\"text-align: center;\" width=\"267\">TARIFAS (para 14 personas)<\/td>\n<td width=\"80\"><\/td>\n<\/tr>\n<tr>\n<td>FIN DE SEMANA<\/td>\n<td>750 \u20ac<\/td>\n<\/tr>\n<tr>\n<td>3 NOCHES<\/td>\n<td>1.000 \u20ac<\/td>\n<\/tr>\n<tr>\n<td>4 NOCHES<\/td>\n<td>1.350 \u20ac<\/td>\n<\/tr>\n<tr>\n<td>CAMA SUPLETORIA (m\u00e1ximo 2)<\/td>\n<td>20 \u20ac\/d\u00eda<\/td>\n<\/tr>\n<\/tbody>\n<\/table>\n<p>(Precios con IVA incluido)<\/p>\n<p>Informaci\u00f3n adicional<\/p>\n<p><strong>Forma de pago:\u00a0<\/strong><\/p>\n<p><strong>&#8211; Reserva:<\/strong> 30% del importe total, mediante transferencia bancaria.<br \/>\n<strong>&#8211; Resto:<\/strong>\u00a0Al contado\u00a0a\u00a0la entrega de llaves.<\/p>\n<p>Si necesita cancelar o cambiar la reserva, se deber\u00e1 avisar con 10 d\u00edas\u00a0de antelaci\u00f3n, antes de la fecha de entrada, y\u00a0le devolveremos el 100% del importe.<\/p>\n<p>La <span style=\"text-decoration: underline;\">casa est\u00e1 disponible a partir de cualquier hora del d\u00eda de entrada y se deber\u00e1 abandonar a cualquier hora el d\u00eda de salida<\/span>, pero <span style=\"text-decoration: underline;\"><span style=\"color: #000000; text-decoration: underline;\">si el d\u00eda de salida de un grupo coincide con el d\u00eda de entrada de otro grupo, la casa\u00a0deber\u00e1 quedar libre a las 12:00 horas el d\u00eda de salida y estar\u00e1 disponible a partir de las 16:00 horas el d\u00eda de llegada. (De esta circunstancia se informar\u00e1 con antelaci\u00f3n a los grupos)<\/span><\/span><\/p>\n<p>No se admiten mascotas en el interior de la casa.<\/p>\n<p><strong><span style=\"text-decoration: underline; color: #000000;\">CONTACTO<\/span><\/strong><\/p>\n<p><strong>Pueden ponerse en contacto con nosotros para solicitar informaci\u00f3n sin compromiso o para realizar su reserva:<\/strong><\/p>\n<p>Por <strong><span style=\"text-decoration: underline;\">correo\u00a0<\/span><\/strong><b><u>electr\u00f3nico<\/u><\/b>: <strong><span style=\"color: #3366ff;\">lahuertadelaabuelapilar@gmail.com<\/span><\/strong><\/p>\n<p>O por <span style=\"text-decoration: underline;\"><strong>tel\u00e9fono<\/strong><\/span> al <span style=\"color: #3366ff;\"><strong>606292373 (Domingo) o al<\/strong><\/span><\/p>\n<p><span style=\"color: #3366ff;\"><strong>629098245 (Gema (solo tardes o noches))<\/strong><\/span><\/p>\n<p><strong>CALENDARIO DE OCUPACI\u00d3N<\/strong><\/p>\n<p style=\"text-align: center;\">\n","protected":false},"excerpt":{"rendered":"<p>Casa Rural LA HUERTA DE LA ABUELA PILAR le ofrece tarifas econ\u00f3micas&hellip;<\/p>\n","protected":false},"author":1,"featured_media":0,"parent":0,"menu_order":0,"comment_status":"open","ping_status":"open","template":"","meta":[],"_links":{"self":[{"href":"http:\/\/lahuertadelaabuelapilar.com\/index.php?rest_route=\/wp\/v2\/pages\/45"}],"collection":[{"href":"http:\/\/lahuertadelaabuelapilar.com\/index.php?rest_route=\/wp\/v2\/pages"}],"about":[{"href":"http:\/\/lahuertadelaabuelapilar.com\/index.php?rest_route=\/wp\/v2\/types\/page"}],"author":[{"embeddable":true,"href":"http:\/\/lahuertadelaabuelapilar.com\/index.php?rest_route=\/wp\/v2\/users\/1"}],"replies":[{"embeddable":true,"href":"http:\/\/lahuertadelaabuelapilar.com\/index.php?rest_route=%2Fwp%2Fv2%2Fcomments&post=45"}],"version-history":[{"count":12,"href":"http:\/\/lahuertadelaabuelapilar.com\/index.php?rest_route=\/wp\/v2\/pages\/45\/revisions"}],"predecessor-version":[{"id":652,"href":"http:\/\/lahuertadelaabuelapilar.com\/index.php?rest_route=\/wp\/v2\/pages\/45\/revisions\/652"}],"wp:attachment":[{"href":"http:\/\/lahuertadelaabuelapilar.com\/index.php?rest_route=%2Fwp%2Fv2%2Fmedia&parent=45"}],"curies":[{"name":"wp","href":"https:\/\/api.w.org\/{rel}","templated":true}]}}