{"id":675,"date":"2020-07-03T12:26:31","date_gmt":"2020-07-03T12:26:31","guid":{"rendered":"http:\/\/lahuertadelaabuelapilar.com\/?page_id=675"},"modified":"2020-07-06T11:05:03","modified_gmt":"2020-07-06T11:05:03","slug":"map-1-3","status":"publish","type":"page","link":"http:\/\/lahuertadelaabuelapilar.com\/?page_id=675","title":{"rendered":"NUESTRA CASA"},"content":{"rendered":"<p>Nuestra casa est\u00e1 situada en un entorno rural tranquilo y con abundante vegetaci\u00f3n.<\/p>\n<p>En el municipio de Aldehorno, al norte de la provincia de Segovia<\/p>\n<p>La capacidad de nuestra casa es de 16 personas (14+2).<\/p>\n<p>La casa rural \u00abHuerta de la abuela Pilar\u00bb tiene:<\/p>\n<ul>\n<li>Un amplio sal\u00f3n con sof\u00e1s y televisi\u00f3n.<\/li>\n<li>Cocina completa con todos los electrodom\u00e9sticos y peque\u00f1os electrodom\u00e9sticos necesarios<\/li>\n<li>Comedor para todos los usuarios de la casa.<\/li>\n<li>El comedor y el sal\u00f3n est\u00e1n comunicados.<\/li>\n<li><span style=\"font-size: 1.7rem; line-height: 1.5;\">7 amplios dormitorios con 2 camas individuales o cama de matrimonio. Se puede poner 2 camas supletorias si se necesitasen y tambi\u00e9n se dispone de cuna. Una de estas habitaciones es totalmente accesible a personas con movilidad reducida por lo tanto podemos considerar que la casa cuenta con 2 plazas para personas de movilidad reducida. Cada uno de estos dormitorios tiene su propio aseo con lavabo, ducha e inodoro.<\/span><\/li>\n<li>Aseo com\u00fan.<\/li>\n<\/ul>\n","protected":false},"excerpt":{"rendered":"<p>Nuestra casa est\u00e1 situada en un entorno rural tranquilo y con abundante&hellip;<\/p>\n","protected":false},"author":1,"featured_media":0,"parent":0,"menu_order":0,"comment_status":"closed","ping_status":"closed","template":"","meta":[],"_links":{"self":[{"href":"http:\/\/lahuertadelaabuelapilar.com\/index.php?rest_route=\/wp\/v2\/pages\/675"}],"collection":[{"href":"http:\/\/lahuertadelaabuelapilar.com\/index.php?rest_route=\/wp\/v2\/pages"}],"about":[{"href":"http:\/\/lahuertadelaabuelapilar.com\/index.php?rest_route=\/wp\/v2\/types\/page"}],"author":[{"embeddable":true,"href":"http:\/\/lahuertadelaabuelapilar.com\/index.php?rest_route=\/wp\/v2\/users\/1"}],"replies":[{"embeddable":true,"href":"http:\/\/lahuertadelaabuelapilar.com\/index.php?rest_route=%2Fwp%2Fv2%2Fcomments&post=675"}],"version-history":[{"count":1,"href":"http:\/\/lahuertadelaabuelapilar.com\/index.php?rest_route=\/wp\/v2\/pages\/675\/revisions"}],"predecessor-version":[{"id":747,"href":"http:\/\/lahuertadelaabuelapilar.com\/index.php?rest_route=\/wp\/v2\/pages\/675\/revisions\/747"}],"wp:attachment":[{"href":"http:\/\/lahuertadelaabuelapilar.com\/index.php?rest_route=%2Fwp%2Fv2%2Fmedia&parent=675"}],"curies":[{"name":"wp","href":"https:\/\/api.w.org\/{rel}","templated":true}]}}